{"id":251,"date":"2024-05-17T12:17:14","date_gmt":"2024-05-17T12:17:14","guid":{"rendered":"https:\/\/www.actaffinity.com\/impressum\/"},"modified":"2024-07-15T09:04:59","modified_gmt":"2024-07-15T09:04:59","slug":"impressum","status":"publish","type":"page","link":"https:\/\/www.actaffinity.com\/de\/impressum\/","title":{"rendered":"Impressum"},"content":{"rendered":"<p>[et_pb_section fb_built=&#8220;1&#8243; admin_label=&#8220;Hero&#8220; _builder_version=&#8220;4.25.1&#8243; _module_preset=&#8220;default&#8220; use_background_color_gradient=&#8220;on&#8220; background_color_gradient_direction=&#8220;148deg&#8220; background_color_gradient_stops=&#8220;#ffffff 50%|rgba(255,255,255,0.85) 75%|rgba(255,255,255,0.36) 100%&#8220; background_color_gradient_overlays_image=&#8220;on&#8220; background_color_gradient_start=&#8220;rgba(0,0,0,0.5)&#8220; background_color_gradient_end=&#8220;rgba(0,0,0,0.75)&#8220; background_image=&#8220;https:\/\/www.actaffinity.com\/wp-content\/uploads\/2024\/05\/hintergrund.png&#8220; custom_padding=&#8220;||||false|false&#8220; locked=&#8220;off&#8220; collapsed=&#8220;on&#8220; global_colors_info=&#8220;{}&#8220;][et_pb_row column_structure=&#8220;1_2,1_2&#8243; _builder_version=&#8220;4.24.2&#8243; _module_preset=&#8220;5138c454-be54-4233-bd3b-f8e6a8747976&#8243; locked=&#8220;off&#8220; global_colors_info=&#8220;{}&#8220;][et_pb_column type=&#8220;1_2&#8243; _builder_version=&#8220;4.23.1&#8243; _module_preset=&#8220;73121f80-a3ef-4484-8763-c3f18e3c56d2&#8243; global_colors_info=&#8220;{}&#8220;][et_pb_heading title=&#8220;\u00dcber Act Affinitiy&#8220; _builder_version=&#8220;4.25.1&#8243; _module_preset=&#8220;f0c675ea-2574-4d0e-b725-30f8550a8550&#8243; title_level=&#8220;h4&#8243; title_font=&#8220;Roboto|Roboto_weight||on|||||&#8220; title_text_color=&#8220;#5b62aa&#8220; title_font_size=&#8220;14px&#8220; title_letter_spacing=&#8220;1px&#8220; title_line_height=&#8220;1.4em&#8220; custom_margin=&#8220;||10px||false|false&#8220; title_font_size_tablet=&#8220;13px&#8220; title_font_size_phone=&#8220;13px&#8220; title_font_size_last_edited=&#8220;on|desktop&#8220; locked=&#8220;off&#8220; global_colors_info=&#8220;{%22#003566%22:%91%22title_text_color%22%93}&#8220;][\/et_pb_heading][et_pb_heading title=&#8220;Impressum&#8220; _builder_version=&#8220;4.25.1&#8243; _module_preset=&#8220;ddeb8c09-9078-4424-bc15-2efb6572e28e&#8220; title_font=&#8220;Roboto|Roboto_weight|||||||&#8220; title_text_color=&#8220;#4D4B64&#8243; title_font_size=&#8220;53px&#8220; title_line_height=&#8220;1.2em&#8220; title_font_size_tablet=&#8220;40px&#8220; title_font_size_phone=&#8220;24px&#8220; title_font_size_last_edited=&#8220;on|phone&#8220; locked=&#8220;off&#8220; global_colors_info=&#8220;{}&#8220;][\/et_pb_heading][et_pb_text quote_border_color=&#8220;#ffc300&#8243; _builder_version=&#8220;4.25.1&#8243; _module_preset=&#8220;2c55a9c4-feed-423b-9edb-ae0b5b365cac&#8220; text_font=&#8220;Roboto|300|||||||&#8220; text_text_color=&#8220;#4D4B64&#8243; text_font_size=&#8220;18px&#8220; text_line_height=&#8220;1.75em&#8220; link_font=&#8220;|Roboto_weight|||||||&#8220; link_text_color=&#8220;#003566&#8243; quote_font=&#8220;Roboto|Roboto_weight|||||||&#8220; quote_text_color=&#8220;#0e0c19&#8243; header_font=&#8220;Roboto|Roboto_weight|||||||&#8220; header_text_color=&#8220;#0e0c19&#8243; header_font_size=&#8220;72px&#8220; header_line_height=&#8220;1.15em&#8220; header_2_font=&#8220;Roboto|Roboto_weight|||||||&#8220; header_2_text_color=&#8220;#0e0c19&#8243; header_2_font_size=&#8220;50px&#8220; header_2_line_height=&#8220;1.2em&#8220; header_3_font=&#8220;Roboto|Roboto_weight|||||||&#8220; header_3_text_color=&#8220;#0e0c19&#8243; header_3_font_size=&#8220;32px&#8220; header_3_line_height=&#8220;1.3em&#8220; header_4_font=&#8220;Roboto|Roboto_weight|||||||&#8220; header_4_text_color=&#8220;#0e0c19&#8243; header_4_font_size=&#8220;24px&#8220; header_4_line_height=&#8220;1.4em&#8220; header_5_font=&#8220;Roboto|Roboto_weight|||||||&#8220; header_5_text_color=&#8220;#0e0c19&#8243; header_5_font_size=&#8220;18px&#8220; header_5_line_height=&#8220;1.4em&#8220; header_6_font=&#8220;Roboto|Roboto_weight|||||||&#8220; header_6_text_color=&#8220;#0e0c19&#8243; header_6_line_height=&#8220;1.5em&#8220; custom_margin=&#8220;||||false|false&#8220; hover_enabled=&#8220;0&#8243; text_font_size_tablet=&#8220;15px&#8220; text_font_size_phone=&#8220;14px&#8220; text_font_size_last_edited=&#8220;on|phone&#8220; header_font_size_tablet=&#8220;40px&#8220; header_font_size_phone=&#8220;24px&#8220; header_font_size_last_edited=&#8220;on|desktop&#8220; header_2_font_size_tablet=&#8220;28px&#8220; header_2_font_size_phone=&#8220;20px&#8220; header_2_font_size_last_edited=&#8220;on|phone&#8220; header_3_font_size_tablet=&#8220;22px&#8220; header_3_font_size_phone=&#8220;17px&#8220; header_3_font_size_last_edited=&#8220;on|phone&#8220; header_4_font_size_tablet=&#8220;18px&#8220; header_4_font_size_phone=&#8220;15px&#8220; header_4_font_size_last_edited=&#8220;on|tablet&#8220; header_5_font_size_tablet=&#8220;15px&#8220; header_5_font_size_phone=&#8220;14px&#8220; header_5_font_size_last_edited=&#8220;on|desktop&#8220; header_6_font_size_tablet=&#8220;13px&#8220; header_6_font_size_phone=&#8220;13px&#8220; header_6_font_size_last_edited=&#8220;on|desktop&#8220; locked=&#8220;off&#8220; global_colors_info=&#8220;{}&#8220; sticky_enabled=&#8220;0&#8243;]<\/p>\n<p>ACT AFFINITY Consult &amp; Trade AG<\/p>\n<p><strong>Gegr\u00fcndet:<\/strong> 2004<br \/><strong>VR-Pr\u00e4sident:<\/strong> Andreas Duerst<br \/><strong>Handelsregister:<\/strong> HR Z\u00fcrich\/Switzerland<br \/><strong>Hauptsitz:<\/strong> CH-8607 Aathal-Seegr\u00e4ben, Im Etstel 4<br \/><strong>Rechtsform:<\/strong> Public Limited Company<\/p>\n<p>T: +41 43 477 59 36<br \/>F: +41 43 477 59 35<br \/>M:+41 79 421 05 27<\/p>\n<p>E-Mail Kontakt: <a href=\"mailto:office@actaffinity.com\">office@actaffinity.com<\/a><br \/>Internet: <a href=\"https:\/\/www.actaffinity.com\">www.actaffinity.com<\/a><\/p>\n<p>Handelsregister: HR Z\u00fcrich\/Switzerland<br \/>Umsatzsteuer-Ident-Nummer: 610*568<\/p>\n<p><a href=\"https:\/\/bermuda-software.ch\">Webdesign, TYPO3 &amp; WordPress, Software: BERMUDA GmbH<\/a><\/p>\n<p>[\/et_pb_text][\/et_pb_column][et_pb_column type=&#8220;1_2&#8243; _builder_version=&#8220;4.23.1&#8243; _module_preset=&#8220;73121f80-a3ef-4484-8763-c3f18e3c56d2&#8243; global_colors_info=&#8220;{}&#8220;][et_pb_image src=&#8220;https:\/\/www.actaffinity.com\/wp-content\/uploads\/2024\/05\/IMG2014.png&#8220; title_text=&#8220;IMG2014&#8243; _builder_version=&#8220;4.25.1&#8243; _module_preset=&#8220;default&#8220; border_radii=&#8220;on|6px|6px|6px|6px&#8220; box_shadow_style=&#8220;preset4&#8243; box_shadow_horizontal=&#8220;0px&#8220; box_shadow_vertical=&#8220;24px&#8220; box_shadow_blur=&#8220;72px&#8220; box_shadow_spread=&#8220;-12px&#8220; box_shadow_color=&#8220;rgba(0,0,0,0.12)&#8220; locked=&#8220;off&#8220; global_colors_info=&#8220;{}&#8220;][\/et_pb_image][\/et_pb_column][\/et_pb_row][\/et_pb_section]<\/p>\n","protected":false},"excerpt":{"rendered":"<p>ACT AFFINITY Consult &amp; Trade AG Gegr\u00fcndet: 2004VR-Pr\u00e4sident: Andreas DuerstHandelsregister: HR Z\u00fcrich\/SwitzerlandHauptsitz: CH-8607 Aathal-Seegr\u00e4ben, Im Etstel 4Rechtsform: Public Limited Company T: +41 43 477 59 36F: +41 43 477 59 35M:+41 79 421 05 27 E-Mail Kontakt: office@actaffinity.comInternet: www.actaffinity.com Handelsregister: HR Z\u00fcrich\/SwitzerlandUmsatzsteuer-Ident-Nummer: 610*568 Webdesign, TYPO3 &amp; Wordpress, Software: BERMUDA GmbH<\/p>\n","protected":false},"author":1,"featured_media":0,"parent":0,"menu_order":0,"comment_status":"closed","ping_status":"closed","template":"","meta":{"_et_pb_use_builder":"on","_et_pb_old_content":"","_et_gb_content_width":"","footnotes":""},"class_list":["post-251","page","type-page","status-publish","hentry"],"_links":{"self":[{"href":"https:\/\/www.actaffinity.com\/de\/wp-json\/wp\/v2\/pages\/251","targetHints":{"allow":["GET"]}}],"collection":[{"href":"https:\/\/www.actaffinity.com\/de\/wp-json\/wp\/v2\/pages"}],"about":[{"href":"https:\/\/www.actaffinity.com\/de\/wp-json\/wp\/v2\/types\/page"}],"author":[{"embeddable":true,"href":"https:\/\/www.actaffinity.com\/de\/wp-json\/wp\/v2\/users\/1"}],"replies":[{"embeddable":true,"href":"https:\/\/www.actaffinity.com\/de\/wp-json\/wp\/v2\/comments?post=251"}],"version-history":[{"count":3,"href":"https:\/\/www.actaffinity.com\/de\/wp-json\/wp\/v2\/pages\/251\/revisions"}],"predecessor-version":[{"id":499,"href":"https:\/\/www.actaffinity.com\/de\/wp-json\/wp\/v2\/pages\/251\/revisions\/499"}],"wp:attachment":[{"href":"https:\/\/www.actaffinity.com\/de\/wp-json\/wp\/v2\/media?parent=251"}],"curies":[{"name":"wp","href":"https:\/\/api.w.org\/{rel}","templated":true}]}}