{"id":334,"date":"2024-05-17T07:35:36","date_gmt":"2024-05-17T07:35:36","guid":{"rendered":"https:\/\/www.actaffinity.com\/das-buch\/"},"modified":"2024-07-15T08:45:53","modified_gmt":"2024-07-15T08:45:53","slug":"das-buch","status":"publish","type":"page","link":"https:\/\/www.actaffinity.com\/de\/das-buch\/","title":{"rendered":"Das Buch"},"content":{"rendered":"<p>[et_pb_section fb_built=&#8220;1&#8243; admin_label=&#8220;Hero&#8220; _builder_version=&#8220;4.25.1&#8243; _module_preset=&#8220;default&#8220; use_background_color_gradient=&#8220;on&#8220; background_color_gradient_direction=&#8220;148deg&#8220; background_color_gradient_stops=&#8220;#ffffff 50%|rgba(255,255,255,0.85) 75%|rgba(255,255,255,0.36) 100%&#8220; background_color_gradient_overlays_image=&#8220;on&#8220; background_color_gradient_start=&#8220;rgba(0,0,0,0.5)&#8220; background_color_gradient_end=&#8220;rgba(0,0,0,0.75)&#8220; background_image=&#8220;https:\/\/www.actaffinity.com\/wp-content\/uploads\/2024\/05\/hintergrund.png&#8220; custom_padding=&#8220;||||false|false&#8220; locked=&#8220;off&#8220; collapsed=&#8220;on&#8220; global_colors_info=&#8220;{}&#8220;][et_pb_row column_structure=&#8220;1_2,1_2&#8243; _builder_version=&#8220;4.24.2&#8243; _module_preset=&#8220;5138c454-be54-4233-bd3b-f8e6a8747976&#8243; locked=&#8220;off&#8220; global_colors_info=&#8220;{}&#8220;][et_pb_column type=&#8220;1_2&#8243; _builder_version=&#8220;4.23.1&#8243; _module_preset=&#8220;73121f80-a3ef-4484-8763-c3f18e3c56d2&#8243; global_colors_info=&#8220;{}&#8220;][et_pb_heading title=&#8220;Wissen&#8220; _builder_version=&#8220;4.25.1&#8243; _module_preset=&#8220;f0c675ea-2574-4d0e-b725-30f8550a8550&#8243; title_level=&#8220;h4&#8243; title_font=&#8220;Roboto|Roboto_weight||on|||||&#8220; title_text_color=&#8220;#5b62aa&#8220; title_font_size=&#8220;14px&#8220; title_letter_spacing=&#8220;1px&#8220; title_line_height=&#8220;1.4em&#8220; custom_margin=&#8220;||10px||false|false&#8220; title_font_size_tablet=&#8220;13px&#8220; title_font_size_phone=&#8220;13px&#8220; title_font_size_last_edited=&#8220;on|desktop&#8220; locked=&#8220;off&#8220; global_colors_info=&#8220;{%22#003566%22:%91%22title_text_color%22%93}&#8220;][\/et_pb_heading][et_pb_heading title=&#8220;Informationen zum Buch&#8220; _builder_version=&#8220;4.25.1&#8243; _module_preset=&#8220;ddeb8c09-9078-4424-bc15-2efb6572e28e&#8220; title_font=&#8220;Roboto|Roboto_weight|||||||&#8220; title_text_color=&#8220;#4D4B64&#8243; title_font_size=&#8220;53px&#8220; title_line_height=&#8220;1.2em&#8220; title_font_size_tablet=&#8220;40px&#8220; title_font_size_phone=&#8220;24px&#8220; title_font_size_last_edited=&#8220;on|phone&#8220; locked=&#8220;off&#8220; global_colors_info=&#8220;{}&#8220;][\/et_pb_heading][et_pb_text quote_border_color=&#8220;#ffc300&#8243; _builder_version=&#8220;4.25.1&#8243; _module_preset=&#8220;2c55a9c4-feed-423b-9edb-ae0b5b365cac&#8220; text_font=&#8220;Roboto|300|||||||&#8220; text_text_color=&#8220;#4D4B64&#8243; text_font_size=&#8220;18px&#8220; text_line_height=&#8220;1.75em&#8220; link_font=&#8220;|Roboto_weight|||||||&#8220; link_text_color=&#8220;#003566&#8243; quote_font=&#8220;Roboto|Roboto_weight|||||||&#8220; quote_text_color=&#8220;#0e0c19&#8243; header_font=&#8220;Roboto|Roboto_weight|||||||&#8220; header_text_color=&#8220;#0e0c19&#8243; header_font_size=&#8220;72px&#8220; header_line_height=&#8220;1.15em&#8220; header_2_font=&#8220;Roboto|Roboto_weight|||||||&#8220; header_2_text_color=&#8220;#0e0c19&#8243; header_2_font_size=&#8220;50px&#8220; header_2_line_height=&#8220;1.2em&#8220; header_3_font=&#8220;Roboto|Roboto_weight|||||||&#8220; header_3_text_color=&#8220;#0e0c19&#8243; header_3_font_size=&#8220;32px&#8220; header_3_line_height=&#8220;1.3em&#8220; header_4_font=&#8220;Roboto|Roboto_weight|||||||&#8220; header_4_text_color=&#8220;#0e0c19&#8243; header_4_font_size=&#8220;24px&#8220; header_4_line_height=&#8220;1.4em&#8220; header_5_font=&#8220;Roboto|Roboto_weight|||||||&#8220; header_5_text_color=&#8220;#0e0c19&#8243; header_5_font_size=&#8220;18px&#8220; header_5_line_height=&#8220;1.4em&#8220; header_6_font=&#8220;Roboto|Roboto_weight|||||||&#8220; header_6_text_color=&#8220;#0e0c19&#8243; header_6_line_height=&#8220;1.5em&#8220; custom_margin=&#8220;||||false|false&#8220; text_font_size_tablet=&#8220;15px&#8220; text_font_size_phone=&#8220;14px&#8220; text_font_size_last_edited=&#8220;on|phone&#8220; header_font_size_tablet=&#8220;40px&#8220; header_font_size_phone=&#8220;24px&#8220; header_font_size_last_edited=&#8220;on|desktop&#8220; header_2_font_size_tablet=&#8220;28px&#8220; header_2_font_size_phone=&#8220;20px&#8220; header_2_font_size_last_edited=&#8220;on|phone&#8220; header_3_font_size_tablet=&#8220;22px&#8220; header_3_font_size_phone=&#8220;17px&#8220; header_3_font_size_last_edited=&#8220;on|phone&#8220; header_4_font_size_tablet=&#8220;18px&#8220; header_4_font_size_phone=&#8220;15px&#8220; header_4_font_size_last_edited=&#8220;on|tablet&#8220; header_5_font_size_tablet=&#8220;15px&#8220; header_5_font_size_phone=&#8220;14px&#8220; header_5_font_size_last_edited=&#8220;on|desktop&#8220; header_6_font_size_tablet=&#8220;13px&#8220; header_6_font_size_phone=&#8220;13px&#8220; header_6_font_size_last_edited=&#8220;on|desktop&#8220; locked=&#8220;off&#8220; global_colors_info=&#8220;{}&#8220;]<\/p>\n<p><strong>Als Paperback<\/strong>, 206 Seiten<br \/><strong>Verlag:<\/strong> ACT AFFINITY Consult &amp; Trade AG<br \/><strong>Sprachen:<\/strong> German\/English<br \/><strong>ISBN 10:<\/strong> 3033017559<br \/><strong>ISBN 13:<\/strong> 978-3033017559<br \/><strong>Abmessungen:<\/strong> 23,6 x 21 x 1,4 cm<br \/><strong>Charts:<\/strong> 12<br \/><strong>Tabellen:<\/strong> 5<\/p>\n<p><strong>Inhaltsverzeichnis<\/strong><br \/>Wenn Sie einen Blick auf das Inhaltsverzeichnis werfen m\u00f6chten, klicken Sie hier.<\/p>\n<p><strong>Auszug aus dem Buch<\/strong><br \/>F\u00fcr Ausz\u00fcge aus &#8218;The Act!Affinity Process&#8216; (Kapitel 2-4) klicken Sie hier.<\/p>\n<p><strong>Lesermeinungen<\/strong><br \/>Um Amazon-Reviews zu lesen <a href=\"http:\/\/www.amazon.de\/Act-Affinity-Process-Andreas-D%C3%BCrst\/dp\/3033017568\/ref=sr_1_2?ie=UTF8&amp;s=books-intl-de&amp;qid=1297707057&amp;sr=8-2\" target=\"_blank\" rel=\"noopener\">hier klicken<\/a><br \/>Video-Reviews finden Sie hier<br \/>Den Autor erreichen Sie hier<\/p>\n<p>[\/et_pb_text][et_pb_button button_url=&#8220;@ET-DC@eyJkeW5hbWljIjp0cnVlLCJjb250ZW50IjoicG9zdF9saW5rX3VybF9wYWdlIiwic2V0dGluZ3MiOnsicG9zdF9pZCI6IjE0NSJ9fQ==@&#8220; button_text=&#8220;Buch bestellen&#8220; _builder_version=&#8220;4.25.1&#8243; _dynamic_attributes=&#8220;button_url&#8220; _module_preset=&#8220;default&#8220; global_colors_info=&#8220;{}&#8220;][\/et_pb_button][\/et_pb_column][et_pb_column type=&#8220;1_2&#8243; _builder_version=&#8220;4.23.1&#8243; _module_preset=&#8220;73121f80-a3ef-4484-8763-c3f18e3c56d2&#8243; global_colors_info=&#8220;{}&#8220;][et_pb_image src=&#8220;https:\/\/www.actaffinity.com\/wp-content\/uploads\/2024\/05\/book-en.png&#8220; title_text=&#8220;book-en&#8220; _builder_version=&#8220;4.25.1&#8243; _module_preset=&#8220;default&#8220; border_radii=&#8220;on|6px|6px|6px|6px&#8220; box_shadow_style=&#8220;preset4&#8243; box_shadow_horizontal=&#8220;0px&#8220; box_shadow_vertical=&#8220;24px&#8220; box_shadow_blur=&#8220;72px&#8220; box_shadow_spread=&#8220;-12px&#8220; box_shadow_color=&#8220;rgba(0,0,0,0.12)&#8220; locked=&#8220;off&#8220; global_colors_info=&#8220;{}&#8220;][\/et_pb_image][\/et_pb_column][\/et_pb_row][\/et_pb_section]<\/p>\n","protected":false},"excerpt":{"rendered":"<p>Als Paperback, 206 SeitenVerlag: ACT AFFINITY Consult &amp; Trade AGSprachen: German\/EnglishISBN 10: 3033017559ISBN 13: 978-3033017559Abmessungen: 23,6 x 21 x 1,4 cmCharts: 12Tabellen: 5 InhaltsverzeichnisWenn Sie einen Blick auf das Inhaltsverzeichnis werfen m\u00f6chten, klicken Sie hier. Auszug aus dem BuchF\u00fcr Ausz\u00fcge aus &#8218;The Act!Affinity Process&#8216; (Kapitel 2-4) klicken Sie hier. LesermeinungenUm Amazon-Reviews zu lesen hier klickenVideo-Reviews [&hellip;]<\/p>\n","protected":false},"author":1,"featured_media":0,"parent":0,"menu_order":0,"comment_status":"closed","ping_status":"closed","template":"","meta":{"_et_pb_use_builder":"on","_et_pb_old_content":"","_et_gb_content_width":"","footnotes":""},"class_list":["post-334","page","type-page","status-publish","hentry"],"_links":{"self":[{"href":"https:\/\/www.actaffinity.com\/de\/wp-json\/wp\/v2\/pages\/334","targetHints":{"allow":["GET"]}}],"collection":[{"href":"https:\/\/www.actaffinity.com\/de\/wp-json\/wp\/v2\/pages"}],"about":[{"href":"https:\/\/www.actaffinity.com\/de\/wp-json\/wp\/v2\/types\/page"}],"author":[{"embeddable":true,"href":"https:\/\/www.actaffinity.com\/de\/wp-json\/wp\/v2\/users\/1"}],"replies":[{"embeddable":true,"href":"https:\/\/www.actaffinity.com\/de\/wp-json\/wp\/v2\/comments?post=334"}],"version-history":[{"count":6,"href":"https:\/\/www.actaffinity.com\/de\/wp-json\/wp\/v2\/pages\/334\/revisions"}],"predecessor-version":[{"id":492,"href":"https:\/\/www.actaffinity.com\/de\/wp-json\/wp\/v2\/pages\/334\/revisions\/492"}],"wp:attachment":[{"href":"https:\/\/www.actaffinity.com\/de\/wp-json\/wp\/v2\/media?parent=334"}],"curies":[{"name":"wp","href":"https:\/\/api.w.org\/{rel}","templated":true}]}}