{"id":340,"date":"2024-05-17T12:20:52","date_gmt":"2024-05-17T12:20:52","guid":{"rendered":"https:\/\/www.actaffinity.com\/unsere-kunden\/"},"modified":"2024-07-04T07:10:54","modified_gmt":"2024-07-04T07:10:54","slug":"unsere-kunden","status":"publish","type":"page","link":"https:\/\/www.actaffinity.com\/de\/unsere-kunden\/","title":{"rendered":"Unsere Kunden"},"content":{"rendered":"<p>[et_pb_section fb_built=&#8220;1&#8243; admin_label=&#8220;Hero&#8220; _builder_version=&#8220;4.25.1&#8243; _module_preset=&#8220;default&#8220; use_background_color_gradient=&#8220;on&#8220; background_color_gradient_direction=&#8220;148deg&#8220; background_color_gradient_stops=&#8220;#ffffff 50%|rgba(255,255,255,0.85) 75%|rgba(255,255,255,0.36) 100%&#8220; background_color_gradient_overlays_image=&#8220;on&#8220; background_color_gradient_start=&#8220;rgba(0,0,0,0.5)&#8220; background_color_gradient_end=&#8220;rgba(0,0,0,0.75)&#8220; background_image=&#8220;https:\/\/www.actaffinity.com\/wp-content\/uploads\/2024\/05\/hintergrund.png&#8220; custom_padding=&#8220;||||false|false&#8220; locked=&#8220;off&#8220; collapsed=&#8220;on&#8220; global_colors_info=&#8220;{}&#8220;][et_pb_row column_structure=&#8220;1_2,1_2&#8243; _builder_version=&#8220;4.24.2&#8243; _module_preset=&#8220;5138c454-be54-4233-bd3b-f8e6a8747976&#8243; locked=&#8220;off&#8220; global_colors_info=&#8220;{}&#8220;][et_pb_column type=&#8220;1_2&#8243; _builder_version=&#8220;4.23.1&#8243; _module_preset=&#8220;73121f80-a3ef-4484-8763-c3f18e3c56d2&#8243; global_colors_info=&#8220;{}&#8220;][et_pb_heading title=&#8220;Unsere Kunden sch\u00e4tzen eine Atmosph\u00e4re des Vertrauens in der Zusammenarbeit mit Act Affinity AG.&#8220; _builder_version=&#8220;4.25.1&#8243; _module_preset=&#8220;f0c675ea-2574-4d0e-b725-30f8550a8550&#8243; title_level=&#8220;h4&#8243; title_font=&#8220;Roboto|Roboto_weight||on|||||&#8220; title_text_color=&#8220;#5b62aa&#8220; title_font_size=&#8220;14px&#8220; title_letter_spacing=&#8220;1px&#8220; title_line_height=&#8220;1.4em&#8220; custom_margin=&#8220;||10px||false|false&#8220; title_font_size_tablet=&#8220;13px&#8220; title_font_size_phone=&#8220;13px&#8220; title_font_size_last_edited=&#8220;on|desktop&#8220; locked=&#8220;off&#8220; global_colors_info=&#8220;{%22#003566%22:%91%22title_text_color%22%93}&#8220;][\/et_pb_heading][et_pb_heading title=&#8220;Referenzen von unseren Kunden&#8220; _builder_version=&#8220;4.25.1&#8243; _module_preset=&#8220;ddeb8c09-9078-4424-bc15-2efb6572e28e&#8220; title_font=&#8220;Roboto|Roboto_weight|||||||&#8220; title_text_color=&#8220;#4D4B64&#8243; title_font_size=&#8220;68px&#8220; title_line_height=&#8220;1.15em&#8220; title_font_size_tablet=&#8220;40px&#8220; title_font_size_phone=&#8220;24px&#8220; title_font_size_last_edited=&#8220;on|phone&#8220; locked=&#8220;off&#8220; global_colors_info=&#8220;{}&#8220;][\/et_pb_heading][et_pb_text quote_border_color=&#8220;#ffc300&#8243; _builder_version=&#8220;4.25.1&#8243; _module_preset=&#8220;2c55a9c4-feed-423b-9edb-ae0b5b365cac&#8220; text_font=&#8220;Roboto|300|||||||&#8220; text_text_color=&#8220;#4D4B64&#8243; text_font_size=&#8220;18px&#8220; text_line_height=&#8220;1.75em&#8220; link_font=&#8220;|Roboto_weight|||||||&#8220; link_text_color=&#8220;#003566&#8243; quote_font=&#8220;Roboto|Roboto_weight|||||||&#8220; quote_text_color=&#8220;#0e0c19&#8243; header_font=&#8220;Roboto|Roboto_weight|||||||&#8220; header_text_color=&#8220;#0e0c19&#8243; header_font_size=&#8220;72px&#8220; header_line_height=&#8220;1.15em&#8220; header_2_font=&#8220;Roboto|Roboto_weight|||||||&#8220; header_2_text_color=&#8220;#0e0c19&#8243; header_2_font_size=&#8220;50px&#8220; header_2_line_height=&#8220;1.2em&#8220; header_3_font=&#8220;Roboto|Roboto_weight|||||||&#8220; header_3_text_color=&#8220;#0e0c19&#8243; header_3_font_size=&#8220;32px&#8220; header_3_line_height=&#8220;1.3em&#8220; header_4_font=&#8220;Roboto|Roboto_weight|||||||&#8220; header_4_text_color=&#8220;#0e0c19&#8243; header_4_font_size=&#8220;24px&#8220; header_4_line_height=&#8220;1.4em&#8220; header_5_font=&#8220;Roboto|Roboto_weight|||||||&#8220; header_5_text_color=&#8220;#0e0c19&#8243; header_5_font_size=&#8220;18px&#8220; header_5_line_height=&#8220;1.4em&#8220; header_6_font=&#8220;Roboto|Roboto_weight|||||||&#8220; header_6_text_color=&#8220;#0e0c19&#8243; header_6_line_height=&#8220;1.5em&#8220; custom_margin=&#8220;||||false|false&#8220; text_font_size_tablet=&#8220;15px&#8220; text_font_size_phone=&#8220;14px&#8220; text_font_size_last_edited=&#8220;on|phone&#8220; header_font_size_tablet=&#8220;40px&#8220; header_font_size_phone=&#8220;24px&#8220; header_font_size_last_edited=&#8220;on|desktop&#8220; header_2_font_size_tablet=&#8220;28px&#8220; header_2_font_size_phone=&#8220;20px&#8220; header_2_font_size_last_edited=&#8220;on|phone&#8220; header_3_font_size_tablet=&#8220;22px&#8220; header_3_font_size_phone=&#8220;17px&#8220; header_3_font_size_last_edited=&#8220;on|phone&#8220; header_4_font_size_tablet=&#8220;18px&#8220; header_4_font_size_phone=&#8220;15px&#8220; header_4_font_size_last_edited=&#8220;on|tablet&#8220; header_5_font_size_tablet=&#8220;15px&#8220; header_5_font_size_phone=&#8220;14px&#8220; header_5_font_size_last_edited=&#8220;on|desktop&#8220; header_6_font_size_tablet=&#8220;13px&#8220; header_6_font_size_phone=&#8220;13px&#8220; header_6_font_size_last_edited=&#8220;on|desktop&#8220; locked=&#8220;off&#8220; global_colors_info=&#8220;{}&#8220;]Bei einem Erstkontakt bieten wir unseren Gespr\u00e4chspartnern an, sich aus erster Hand bei unseren Kunden \u00fcber unser Standing, die Qualit\u00e4t unseres Inputs und \u00fcber ihre Zufriedenheit nach Projektabschluss zu informieren.<\/p>\n<p>St\u00f6\u00dft dieses Angebot auf Interesse, vermitteln wir Ansprechpartner und Kommunikationsdetails in enger Absprache zwischen unseren bestehenden und k\u00fcnftigen Kunden.[\/et_pb_text][\/et_pb_column][et_pb_column type=&#8220;1_2&#8243; _builder_version=&#8220;4.23.1&#8243; _module_preset=&#8220;73121f80-a3ef-4484-8763-c3f18e3c56d2&#8243; global_colors_info=&#8220;{}&#8220;][et_pb_image src=&#8220;https:\/\/www.actaffinity.com\/wp-content\/uploads\/2024\/07\/customers-new.png&#8220; title_text=&#8220;customers-new&#8220; _builder_version=&#8220;4.25.1&#8243; _module_preset=&#8220;default&#8220; border_radii=&#8220;on|6px|6px|6px|6px&#8220; box_shadow_style=&#8220;preset4&#8243; box_shadow_horizontal=&#8220;0px&#8220; box_shadow_vertical=&#8220;24px&#8220; box_shadow_blur=&#8220;72px&#8220; box_shadow_spread=&#8220;-12px&#8220; box_shadow_color=&#8220;rgba(0,0,0,0.12)&#8220; locked=&#8220;off&#8220; global_colors_info=&#8220;{}&#8220;][\/et_pb_image][\/et_pb_column][\/et_pb_row][\/et_pb_section][et_pb_section fb_built=&#8220;1&#8243; admin_label=&#8220;Text &#038; Image&#8220; _builder_version=&#8220;4.25.1&#8243; _module_preset=&#8220;default&#8220; custom_margin=&#8220;||0px||false|false&#8220; custom_padding=&#8220;||0px||false|false&#8220; locked=&#8220;off&#8220; collapsed=&#8220;on&#8220; global_colors_info=&#8220;{}&#8220;][et_pb_row column_structure=&#8220;1_2,1_2&#8243; _builder_version=&#8220;4.25.1&#8243; _module_preset=&#8220;5138c454-be54-4233-bd3b-f8e6a8747976&#8243; hover_enabled=&#8220;0&#8243; global_colors_info=&#8220;{}&#8220; sticky_enabled=&#8220;0&#8243;][et_pb_column type=&#8220;1_2&#8243; _builder_version=&#8220;4.25.1&#8243; _module_preset=&#8220;73121f80-a3ef-4484-8763-c3f18e3c56d2&#8243; custom_padding=&#8220;4%||4%||true|false&#8220; hover_enabled=&#8220;0&#8243; global_colors_info=&#8220;{}&#8220; sticky_enabled=&#8220;0&#8243;][et_pb_image src=&#8220;https:\/\/www.actaffinity.com\/wp-content\/uploads\/2024\/07\/IMG02006.png&#8220; title_text=&#8220;IMG02006&#8243; _builder_version=&#8220;4.25.1&#8243; _module_preset=&#8220;6ed8fd5c-62c5-4100-98c3-7b8b6d2c2ee6&#8243; border_radii=&#8220;on|6px|6px|6px|6px&#8220; box_shadow_style=&#8220;preset2&#8243; locked=&#8220;off&#8220; global_colors_info=&#8220;{}&#8220;][\/et_pb_image][\/et_pb_column][et_pb_column type=&#8220;1_2&#8243; _builder_version=&#8220;4.25.1&#8243; _module_preset=&#8220;73121f80-a3ef-4484-8763-c3f18e3c56d2&#8243; custom_padding=&#8220;0%||0%||true|false&#8220; custom_padding_tablet=&#8220;0%||0%||true|false&#8220; custom_padding_phone=&#8220;0%||0%||true|false&#8220; custom_padding_last_edited=&#8220;on|desktop&#8220; global_colors_info=&#8220;{}&#8220;][et_pb_heading title=&#8220;Profil unserer Kunden&#8220; _builder_version=&#8220;4.25.1&#8243; _module_preset=&#8220;c33f07d9-41e0-421a-8799-5799df695cce&#8220; title_level=&#8220;h2&#8243; title_font=&#8220;Roboto|Roboto_weight|||||||&#8220; title_text_color=&#8220;#4D4B64&#8243; title_font_size=&#8220;50px&#8220; title_line_height=&#8220;1.2em&#8220; custom_margin=&#8220;||10px||false|false&#8220; title_font_size_tablet=&#8220;28px&#8220; title_font_size_phone=&#8220;20px&#8220; title_font_size_last_edited=&#8220;on|phone&#8220; locked=&#8220;off&#8220; global_colors_info=&#8220;{}&#8220;][\/et_pb_heading][et_pb_text quote_border_color=&#8220;#ffc300&#8243; _builder_version=&#8220;4.25.1&#8243; _module_preset=&#8220;2c55a9c4-feed-423b-9edb-ae0b5b365cac&#8220; text_font=&#8220;Roboto|300|||||||&#8220; text_text_color=&#8220;#7B7D8D&#8220; text_font_size=&#8220;18px&#8220; text_line_height=&#8220;1.75em&#8220; link_font=&#8220;|Roboto_weight|||||||&#8220; link_text_color=&#8220;#003566&#8243; quote_font=&#8220;Roboto|Roboto_weight|||||||&#8220; quote_text_color=&#8220;#0e0c19&#8243; header_font=&#8220;Roboto|Roboto_weight|||||||&#8220; header_text_color=&#8220;#0e0c19&#8243; header_font_size=&#8220;72px&#8220; header_line_height=&#8220;1.15em&#8220; header_2_font=&#8220;Roboto|Roboto_weight|||||||&#8220; header_2_text_color=&#8220;#0e0c19&#8243; header_2_font_size=&#8220;50px&#8220; header_2_line_height=&#8220;1.2em&#8220; header_3_font=&#8220;Roboto|Roboto_weight|||||||&#8220; header_3_text_color=&#8220;#0e0c19&#8243; header_3_font_size=&#8220;32px&#8220; header_3_line_height=&#8220;1.3em&#8220; header_4_font=&#8220;Roboto|Roboto_weight|||||||&#8220; header_4_text_color=&#8220;#0e0c19&#8243; header_4_font_size=&#8220;24px&#8220; header_4_line_height=&#8220;1.4em&#8220; header_5_font=&#8220;Roboto|Roboto_weight|||||||&#8220; header_5_text_color=&#8220;#0e0c19&#8243; header_5_font_size=&#8220;18px&#8220; header_5_line_height=&#8220;1.4em&#8220; header_6_font=&#8220;Roboto|Roboto_weight|||||||&#8220; header_6_text_color=&#8220;#0e0c19&#8243; header_6_line_height=&#8220;1.5em&#8220; custom_margin=&#8220;||||false|false&#8220; text_font_size_tablet=&#8220;15px&#8220; text_font_size_phone=&#8220;14px&#8220; text_font_size_last_edited=&#8220;on|phone&#8220; header_font_size_tablet=&#8220;40px&#8220; header_font_size_phone=&#8220;24px&#8220; header_font_size_last_edited=&#8220;on|desktop&#8220; header_2_font_size_tablet=&#8220;28px&#8220; header_2_font_size_phone=&#8220;20px&#8220; header_2_font_size_last_edited=&#8220;on|phone&#8220; header_3_font_size_tablet=&#8220;22px&#8220; header_3_font_size_phone=&#8220;17px&#8220; header_3_font_size_last_edited=&#8220;on|phone&#8220; header_4_font_size_tablet=&#8220;18px&#8220; header_4_font_size_phone=&#8220;15px&#8220; header_4_font_size_last_edited=&#8220;on|tablet&#8220; header_5_font_size_tablet=&#8220;15px&#8220; header_5_font_size_phone=&#8220;14px&#8220; header_5_font_size_last_edited=&#8220;on|desktop&#8220; header_6_font_size_tablet=&#8220;13px&#8220; header_6_font_size_phone=&#8220;13px&#8220; header_6_font_size_last_edited=&#8220;on|desktop&#8220; global_colors_info=&#8220;{}&#8220;]Unsere Kunden sind international agierende Konzerne, mittelst\u00e4ndische Firmen \u00fcberwiegend in Deutschland, der Schweiz und \u00d6sterreich sowie Start-up Unternehmen in Zentraleuropa. Einen Branchenschwerpunkt gibt es nicht.<\/p>\n<p>Nicht selten sind unsere Kunden anerkannte Marktf\u00fchrer, hoch innovativ und seit vielen Jahren am Markt erfolgreich unterwegs. F\u00fcr diese Kunden ist es wichtig, ihre Effizienz kontinuierlich zu optimieren.<\/p>\n<p>J\u00fcngeren Unternehmen fehlt es nicht selten an Know-how und Management-Kapazit\u00e4ten, ihren Weg in den Markt zu finden. Die Gr\u00f6\u00dfe unserer Kunden reicht von mehreren zehntausend Mitarbeitern bis zu weniger als f\u00fcnfzig.[\/et_pb_text][\/et_pb_column][\/et_pb_row][et_pb_row column_structure=&#8220;1_2,1_2&#8243; _builder_version=&#8220;4.25.1&#8243; _module_preset=&#8220;5138c454-be54-4233-bd3b-f8e6a8747976&#8243; global_colors_info=&#8220;{}&#8220;][et_pb_column type=&#8220;1_2&#8243; _builder_version=&#8220;4.25.1&#8243; _module_preset=&#8220;73121f80-a3ef-4484-8763-c3f18e3c56d2&#8243; custom_padding=&#8220;0%||0%||true|false&#8220; custom_padding_tablet=&#8220;0%||0%||true|false&#8220; custom_padding_phone=&#8220;0%||0%||true|false&#8220; custom_padding_last_edited=&#8220;on|desktop&#8220; global_colors_info=&#8220;{}&#8220;][et_pb_heading title=&#8220;Herausforderungen f\u00fcr unsere Kunden&#8220; _builder_version=&#8220;4.25.1&#8243; _module_preset=&#8220;c33f07d9-41e0-421a-8799-5799df695cce&#8220; title_level=&#8220;h2&#8243; title_font=&#8220;Roboto|Roboto_weight|||||||&#8220; title_text_color=&#8220;#4D4B64&#8243; title_font_size=&#8220;50px&#8220; title_line_height=&#8220;1.2em&#8220; custom_margin=&#8220;||10px||false|false&#8220; title_font_size_tablet=&#8220;28px&#8220; title_font_size_phone=&#8220;20px&#8220; title_font_size_last_edited=&#8220;on|phone&#8220; locked=&#8220;off&#8220; global_colors_info=&#8220;{}&#8220;][\/et_pb_heading][et_pb_text quote_border_color=&#8220;#ffc300&#8243; _builder_version=&#8220;4.25.1&#8243; _module_preset=&#8220;2c55a9c4-feed-423b-9edb-ae0b5b365cac&#8220; text_font=&#8220;Roboto|300|||||||&#8220; text_text_color=&#8220;#7B7D8D&#8220; text_font_size=&#8220;18px&#8220; text_line_height=&#8220;1.75em&#8220; link_font=&#8220;|Roboto_weight|||||||&#8220; link_text_color=&#8220;#003566&#8243; quote_font=&#8220;Roboto|Roboto_weight|||||||&#8220; quote_text_color=&#8220;#0e0c19&#8243; header_font=&#8220;Roboto|Roboto_weight|||||||&#8220; header_text_color=&#8220;#0e0c19&#8243; header_font_size=&#8220;72px&#8220; header_line_height=&#8220;1.15em&#8220; header_2_font=&#8220;Roboto|Roboto_weight|||||||&#8220; header_2_text_color=&#8220;#0e0c19&#8243; header_2_font_size=&#8220;50px&#8220; header_2_line_height=&#8220;1.2em&#8220; header_3_font=&#8220;Roboto|Roboto_weight|||||||&#8220; header_3_text_color=&#8220;#0e0c19&#8243; header_3_font_size=&#8220;32px&#8220; header_3_line_height=&#8220;1.3em&#8220; header_4_font=&#8220;Roboto|Roboto_weight|||||||&#8220; header_4_text_color=&#8220;#0e0c19&#8243; header_4_font_size=&#8220;24px&#8220; header_4_line_height=&#8220;1.4em&#8220; header_5_font=&#8220;Roboto|Roboto_weight|||||||&#8220; header_5_text_color=&#8220;#0e0c19&#8243; header_5_font_size=&#8220;18px&#8220; header_5_line_height=&#8220;1.4em&#8220; header_6_font=&#8220;Roboto|Roboto_weight|||||||&#8220; header_6_text_color=&#8220;#0e0c19&#8243; header_6_line_height=&#8220;1.5em&#8220; custom_margin=&#8220;||||false|false&#8220; text_font_size_tablet=&#8220;15px&#8220; text_font_size_phone=&#8220;14px&#8220; text_font_size_last_edited=&#8220;on|phone&#8220; header_font_size_tablet=&#8220;40px&#8220; header_font_size_phone=&#8220;24px&#8220; header_font_size_last_edited=&#8220;on|desktop&#8220; header_2_font_size_tablet=&#8220;28px&#8220; header_2_font_size_phone=&#8220;20px&#8220; header_2_font_size_last_edited=&#8220;on|phone&#8220; header_3_font_size_tablet=&#8220;22px&#8220; header_3_font_size_phone=&#8220;17px&#8220; header_3_font_size_last_edited=&#8220;on|phone&#8220; header_4_font_size_tablet=&#8220;18px&#8220; header_4_font_size_phone=&#8220;15px&#8220; header_4_font_size_last_edited=&#8220;on|tablet&#8220; header_5_font_size_tablet=&#8220;15px&#8220; header_5_font_size_phone=&#8220;14px&#8220; header_5_font_size_last_edited=&#8220;on|desktop&#8220; header_6_font_size_tablet=&#8220;13px&#8220; header_6_font_size_phone=&#8220;13px&#8220; header_6_font_size_last_edited=&#8220;on|desktop&#8220; global_colors_info=&#8220;{}&#8220;]Das sind h\u00e4ufig von unseren Kunden genannte Gr\u00fcnde, sich strategisch neu zu positionieren:<\/p>\n<p>Das Business Modell f\u00fchrt nicht mehr zu den gew\u00fcnschten Resultaten; das unternehmerische Umfeld befindet sich im Umbruch, sodass die bisherige Gesch\u00e4ftsausrichtung nicht mehr greift; vom Management wurden strategische L\u00f6sungsvorschl\u00e4ge eingefordert, diese wurden aber nicht schnell und pr\u00e4zise genug erarbeitet; nach Zuk\u00e4ufen ist das gesamte Unternehmen schnell auf neue F\u00fc\u00dfe zu stellen.<\/p>\n<p>Bei diesen und anderen Herausforderungen stehen wir unseren Kunden mit Know-how, Ressourcen und Tatkraft zur Seite.[\/et_pb_text][dsm_button button_one_text=&#8220;Related Video&#8220; button_one_url=&#8220;https:\/\/youtu.be\/JmELApeawWE?si=c_CVItSA9PvojoQM&#8220; button_one_video_popup=&#8220;on&#8220; _builder_version=&#8220;4.25.1&#8243; _module_preset=&#8220;default&#8220; custom_button_one=&#8220;on&#8220; button_one_icon=&#8220;&#xf167;||fa||400&#8243; button_one_on_hover=&#8220;off&#8220; global_colors_info=&#8220;{}&#8220;][\/dsm_button][\/et_pb_column][et_pb_column type=&#8220;1_2&#8243; _builder_version=&#8220;4.25.1&#8243; _module_preset=&#8220;73121f80-a3ef-4484-8763-c3f18e3c56d2&#8243; custom_padding=&#8220;8%||8%||true|false&#8220; global_colors_info=&#8220;{}&#8220;][et_pb_image src=&#8220;https:\/\/www.actaffinity.com\/wp-content\/uploads\/2024\/07\/customer-2-new.png&#8220; title_text=&#8220;customer-2-new&#8220; _builder_version=&#8220;4.25.1&#8243; _module_preset=&#8220;6ed8fd5c-62c5-4100-98c3-7b8b6d2c2ee6&#8243; border_radii=&#8220;on|6px|6px|6px|6px&#8220; box_shadow_style=&#8220;preset2&#8243; locked=&#8220;off&#8220; global_colors_info=&#8220;{}&#8220;][\/et_pb_image][\/et_pb_column][\/et_pb_row][\/et_pb_section][et_pb_section fb_built=&#8220;1&#8243; admin_label=&#8220;Call to Action&#8220; _builder_version=&#8220;4.25.1&#8243; _module_preset=&#8220;default&#8220; custom_margin=&#8220;0px||||false|false&#8220; custom_padding=&#8220;0px||||false|false&#8220; locked=&#8220;off&#8220; collapsed=&#8220;on&#8220; global_colors_info=&#8220;{}&#8220;][et_pb_row _builder_version=&#8220;4.25.1&#8243; _module_preset=&#8220;default&#8220; global_colors_info=&#8220;{}&#8220;][et_pb_column type=&#8220;4_4&#8243; _builder_version=&#8220;4.25.1&#8243; _module_preset=&#8220;default&#8220; global_colors_info=&#8220;{}&#8220;][et_pb_heading title=&#8220;Z\u00e4hlen Sie auf uns, wenn Strategic Change auf Ihrer Agenda steht.&#8220; _builder_version=&#8220;4.25.1&#8243; _module_preset=&#8220;default&#8220; title_font=&#8220;Roboto||||||||&#8220; title_text_align=&#8220;center&#8220; title_text_color=&#8220;#FFFFFF&#8220; title_font_size=&#8220;53px&#8220; background_color=&#8220;#59b898&#8243; custom_padding=&#8220;20px|20px|20px|20px|false|false&#8220; border_radii=&#8220;on|5px|5px|5px|5px&#8220; box_shadow_style=&#8220;preset2&#8243; global_colors_info=&#8220;{}&#8220;][\/et_pb_heading][\/et_pb_column][\/et_pb_row][\/et_pb_section]<\/p>\n","protected":false},"excerpt":{"rendered":"<p>Bei einem Erstkontakt bieten wir unseren Gespr\u00e4chspartnern an, sich aus erster Hand bei unseren Kunden \u00fcber unser Standing, die Qualit\u00e4t unseres Inputs und \u00fcber ihre Zufriedenheit nach Projektabschluss zu informieren. St\u00f6\u00dft dieses Angebot auf Interesse, vermitteln wir Ansprechpartner und Kommunikationsdetails in enger Absprache zwischen unseren bestehenden und k\u00fcnftigen Kunden.Unsere Kunden sind international agierende Konzerne, mittelst\u00e4ndische [&hellip;]<\/p>\n","protected":false},"author":1,"featured_media":0,"parent":0,"menu_order":0,"comment_status":"closed","ping_status":"closed","template":"","meta":{"_et_pb_use_builder":"on","_et_pb_old_content":"","_et_gb_content_width":"","footnotes":""},"class_list":["post-340","page","type-page","status-publish","hentry"],"_links":{"self":[{"href":"https:\/\/www.actaffinity.com\/de\/wp-json\/wp\/v2\/pages\/340","targetHints":{"allow":["GET"]}}],"collection":[{"href":"https:\/\/www.actaffinity.com\/de\/wp-json\/wp\/v2\/pages"}],"about":[{"href":"https:\/\/www.actaffinity.com\/de\/wp-json\/wp\/v2\/types\/page"}],"author":[{"embeddable":true,"href":"https:\/\/www.actaffinity.com\/de\/wp-json\/wp\/v2\/users\/1"}],"replies":[{"embeddable":true,"href":"https:\/\/www.actaffinity.com\/de\/wp-json\/wp\/v2\/comments?post=340"}],"version-history":[{"count":12,"href":"https:\/\/www.actaffinity.com\/de\/wp-json\/wp\/v2\/pages\/340\/revisions"}],"predecessor-version":[{"id":383,"href":"https:\/\/www.actaffinity.com\/de\/wp-json\/wp\/v2\/pages\/340\/revisions\/383"}],"wp:attachment":[{"href":"https:\/\/www.actaffinity.com\/de\/wp-json\/wp\/v2\/media?parent=340"}],"curies":[{"name":"wp","href":"https:\/\/api.w.org\/{rel}","templated":true}]}}